{"id":9,"date":"2020-09-24T21:35:08","date_gmt":"2020-09-24T21:35:08","guid":{"rendered":"https:\/\/www.al-castello-da-piero.de\/?page_id=9"},"modified":"2020-09-28T22:06:32","modified_gmt":"2020-09-28T22:06:32","slug":"startseite","status":"publish","type":"page","link":"https:\/\/www.al-castello-da-piero.de\/","title":{"rendered":"Startseite"},"content":{"rendered":"\n<p class=\"has-text-align-center has-medium-font-size\">Herzlich Willkommen im Ristorante<\/p>\n\n\n\n<p class=\"has-text-align-center has-large-font-size\"><strong>\u201cAl Castello da Piero\u201d<\/strong><\/p>\n\n\n\n<p class=\"has-text-align-center\">Erleben und genie\u00dfen Sie die originale, italienische, mediterane K\u00fcche in gem\u00fctlicher Atmosph\u00e4re.<br>Wir w\u00fcnschen Ihnen einen angenehmen Aufenthalt im<br>Ristorante \u201cAL Castello da Piero\u201d, und nat\u00fcrlich<br>\u201cBUON APPETITO\u201d<br>Ihr Piero Cardamone und sein Team<\/p>\n","protected":false},"excerpt":{"rendered":"<p>Herzlich Willkommen im Ristorante \u201cAl Castello da Piero\u201d Erleben und genie\u00dfen Sie die originale, italienische, mediterane K\u00fcche in gem\u00fctlicher Atmosph\u00e4re.Wir w\u00fcnschen Ihnen einen angenehmen Aufenthalt imRistorante \u201cAL Castello da Piero\u201d, und nat\u00fcrlich\u201cBUON APPETITO\u201dIhr Piero Cardamone und sein Team<\/p>\n","protected":false},"author":1,"featured_media":0,"parent":0,"menu_order":0,"comment_status":"closed","ping_status":"closed","template":"","meta":{"footnotes":""},"class_list":["post-9","page","type-page","status-publish","hentry"],"_links":{"self":[{"href":"https:\/\/www.al-castello-da-piero.de\/index.php\/wp-json\/wp\/v2\/pages\/9","targetHints":{"allow":["GET"]}}],"collection":[{"href":"https:\/\/www.al-castello-da-piero.de\/index.php\/wp-json\/wp\/v2\/pages"}],"about":[{"href":"https:\/\/www.al-castello-da-piero.de\/index.php\/wp-json\/wp\/v2\/types\/page"}],"author":[{"embeddable":true,"href":"https:\/\/www.al-castello-da-piero.de\/index.php\/wp-json\/wp\/v2\/users\/1"}],"replies":[{"embeddable":true,"href":"https:\/\/www.al-castello-da-piero.de\/index.php\/wp-json\/wp\/v2\/comments?post=9"}],"version-history":[{"count":7,"href":"https:\/\/www.al-castello-da-piero.de\/index.php\/wp-json\/wp\/v2\/pages\/9\/revisions"}],"predecessor-version":[{"id":92,"href":"https:\/\/www.al-castello-da-piero.de\/index.php\/wp-json\/wp\/v2\/pages\/9\/revisions\/92"}],"wp:attachment":[{"href":"https:\/\/www.al-castello-da-piero.de\/index.php\/wp-json\/wp\/v2\/media?parent=9"}],"curies":[{"name":"wp","href":"https:\/\/api.w.org\/{rel}","templated":true}]}}