{"id":100,"date":"2020-09-28T22:22:55","date_gmt":"2020-09-28T22:22:55","guid":{"rendered":"https:\/\/www.al-castello-da-piero.de\/?page_id=100"},"modified":"2020-09-28T22:28:01","modified_gmt":"2020-09-28T22:28:01","slug":"impressum","status":"publish","type":"page","link":"https:\/\/www.al-castello-da-piero.de\/index.php\/impressum\/","title":{"rendered":"Impressum"},"content":{"rendered":"\n<p class=\"has-small-font-size\">Verantwortlich:<br>Piero Cardamone<br>Alter Talweg 1<br>36329 Romrod<br>Tel. (06636) 918 92 99<br>E-mail: piero-cardamone@t-online.de<\/p>\n\n\n\n<p class=\"has-small-font-size\">Copyrights<br>\u00a9 Piero Cardamone<br>Alle Rechte vorbehalten. Texte, Textausschnitte, Grafiken und Animationen sind urheberrechtlich gesch\u00fctzt.<\/p>\n\n\n\n<p class=\"has-small-font-size\">Haftungsausschluss<br>Wir \u00fcbernehmen keine Verantwortung f\u00fcr externe Links. F\u00fcr den Inhalt der verlinkten Seiten ist deren Betreiber zust\u00e4ndig.<\/p>\n","protected":false},"excerpt":{"rendered":"<p>Verantwortlich:Piero CardamoneAlter Talweg 136329 RomrodTel. (06636) 918 92 99E-mail: piero-cardamone@t-online.de Copyrights\u00a9 Piero CardamoneAlle Rechte vorbehalten. Texte, Textausschnitte, Grafiken und Animationen sind urheberrechtlich gesch\u00fctzt. HaftungsausschlussWir \u00fcbernehmen keine Verantwortung f\u00fcr externe Links. F\u00fcr den Inhalt der verlinkten Seiten ist deren Betreiber zust\u00e4ndig.<\/p>\n","protected":false},"author":1,"featured_media":0,"parent":0,"menu_order":0,"comment_status":"closed","ping_status":"closed","template":"","meta":{"footnotes":""},"class_list":["post-100","page","type-page","status-publish","hentry"],"_links":{"self":[{"href":"https:\/\/www.al-castello-da-piero.de\/index.php\/wp-json\/wp\/v2\/pages\/100","targetHints":{"allow":["GET"]}}],"collection":[{"href":"https:\/\/www.al-castello-da-piero.de\/index.php\/wp-json\/wp\/v2\/pages"}],"about":[{"href":"https:\/\/www.al-castello-da-piero.de\/index.php\/wp-json\/wp\/v2\/types\/page"}],"author":[{"embeddable":true,"href":"https:\/\/www.al-castello-da-piero.de\/index.php\/wp-json\/wp\/v2\/users\/1"}],"replies":[{"embeddable":true,"href":"https:\/\/www.al-castello-da-piero.de\/index.php\/wp-json\/wp\/v2\/comments?post=100"}],"version-history":[{"count":2,"href":"https:\/\/www.al-castello-da-piero.de\/index.php\/wp-json\/wp\/v2\/pages\/100\/revisions"}],"predecessor-version":[{"id":112,"href":"https:\/\/www.al-castello-da-piero.de\/index.php\/wp-json\/wp\/v2\/pages\/100\/revisions\/112"}],"wp:attachment":[{"href":"https:\/\/www.al-castello-da-piero.de\/index.php\/wp-json\/wp\/v2\/media?parent=100"}],"curies":[{"name":"wp","href":"https:\/\/api.w.org\/{rel}","templated":true}]}}